{"id":477,"date":"2024-10-24T09:41:19","date_gmt":"2024-10-24T09:41:19","guid":{"rendered":"https:\/\/www.ski.worldcupcourchevel.com\/?page_id=477"},"modified":"2024-10-24T09:41:42","modified_gmt":"2024-10-24T09:41:42","slug":"legal-information","status":"publish","type":"page","link":"https:\/\/ski.worldcupcourchevel.com\/en\/mentions-legales\/","title":{"rendered":"Legal information"},"content":{"rendered":"<div data-elementor-type=\"wp-page\" data-elementor-id=\"477\" class=\"elementor elementor-477\" data-elementor-post-type=\"page\">\n\t\t\t\t<div class=\"elementor-element elementor-element-55f4abc e-flex e-con-boxed e-con e-parent\" data-id=\"55f4abc\" data-element_type=\"container\" data-e-type=\"container\">\n\t\t\t\t\t<div class=\"e-con-inner\">\n\t\t\t\t<div class=\"elementor-element elementor-element-c1cd80d elementor-widget elementor-widget-heading\" data-id=\"c1cd80d\" data-element_type=\"widget\" data-e-type=\"widget\" data-widget_type=\"heading.default\">\n\t\t\t\t<div class=\"elementor-widget-container\">\n\t\t\t\t\t<h1 class=\"elementor-heading-title elementor-size-default\">Legal information<\/h1>\t\t\t\t<\/div>\n\t\t\t\t<\/div>\n\t\t\t\t<div class=\"elementor-element elementor-element-865f1c2 elementor-widget elementor-widget-text-editor\" data-id=\"865f1c2\" data-element_type=\"widget\" data-e-type=\"widget\" data-widget_type=\"text-editor.default\">\n\t\t\t\t<div class=\"elementor-widget-container\">\n\t\t\t\t\t\t\t\t\t<p><\/p><p>The https:\/\/worldcupcourchevel.com website is published by :<br \/>CLUB DES SPORTS DE COURCHEVEL, Registered company,<br \/>Registered office: 83 Rue Park City - Ineos Club House, Courchevel 1850 - 73120 Courchevel<br \/>RCS Chamb\u00e9ry 776 495 657 00012<br \/>Email : contact@sportcourchevel.com<br \/>Chairman: C\u00e9dric Colaert<br \/>Site host :\u00a0<br \/>OVH<br \/>SAS with capital of \u20ac50,000,000<br \/>RCS Lille M\u00e9tropole 424 761 419 00045<br \/>APE code 2620Z<br \/>VAT NUMBER: FR 22 424 761 419<br \/>Registered office: 2 rue Kellermann - 59100 Roubaix - France<br \/>Website produced by :<br \/>JaneBand.com<\/p>\t\t\t\t\t\t\t\t<\/div>\n\t\t\t\t<\/div>\n\t\t\t\t\t<\/div>\n\t\t\t\t<\/div>\n\t\t\t\t<\/div>","protected":false},"excerpt":{"rendered":"<p>Le site https:\/\/worldcupcourchevel.com est \u00e9dit\u00e9 par\u00a0:CLUB DES SPORTS DE COURCHEVEL, Soci\u00e9t\u00e9 Association d\u00e9clar\u00e9e,Si\u00e8ge social\u00a0: 83 Rue Park City \u2013 Ineos Club House, Courchevel 1850 &#8211; 73120 CourchevelRCS de Chamb\u00e9ry 776 495 657 00012Email\u00a0: contact@sportcourchevel.comPr\u00e9sident\u00a0: C\u00e9dric ColaertH\u00e9bergeur du site\u00a0:\u00a0OVHSAS au capital de 50 000 000 \u20acRCS Lille M\u00e9tropole 424 761 419 00045Code APE 2620ZN\u00b0 TVA : [&hellip;]<\/p>\n","protected":false},"author":1,"featured_media":0,"parent":0,"menu_order":0,"comment_status":"closed","ping_status":"closed","template":"","meta":{"footnotes":""},"class_list":["post-477","page","type-page","status-publish","hentry"],"yoast_head":"<!-- This site is optimized with the Yoast SEO plugin v27.2 - https:\/\/yoast.com\/product\/yoast-seo-wordpress\/ -->\n<title>Mentions L\u00e9gales - Ski World Cup Courchevel<\/title>\n<meta name=\"robots\" content=\"index, follow, max-snippet:-1, max-image-preview:large, max-video-preview:-1\" \/>\n<link rel=\"canonical\" href=\"https:\/\/ski.worldcupcourchevel.com\/en\/legal-information\/\" \/>\n<meta property=\"og:locale\" content=\"en_GB\" \/>\n<meta property=\"og:type\" content=\"article\" \/>\n<meta property=\"og:title\" content=\"Mentions L\u00e9gales - Ski World Cup Courchevel\" \/>\n<meta property=\"og:description\" content=\"Le site https:\/\/worldcupcourchevel.com est \u00e9dit\u00e9 par\u00a0:CLUB DES SPORTS DE COURCHEVEL, Soci\u00e9t\u00e9 Association d\u00e9clar\u00e9e,Si\u00e8ge social\u00a0: 83 Rue Park City \u2013 Ineos Club House, Courchevel 1850 &#8211; 73120 CourchevelRCS de Chamb\u00e9ry 776 495 657 00012Email\u00a0: contact@sportcourchevel.comPr\u00e9sident\u00a0: C\u00e9dric ColaertH\u00e9bergeur du site\u00a0:\u00a0OVHSAS au capital de 50 000 000 \u20acRCS Lille M\u00e9tropole 424 761 419 00045Code APE 2620ZN\u00b0 TVA : [&hellip;]\" \/>\n<meta property=\"og:url\" content=\"https:\/\/ski.worldcupcourchevel.com\/en\/legal-information\/\" \/>\n<meta property=\"og:site_name\" content=\"Ski World Cup Courchevel\" \/>\n<meta property=\"article:modified_time\" content=\"2024-10-24T09:41:42+00:00\" \/>\n<meta name=\"twitter:card\" content=\"summary_large_image\" \/>\n<meta name=\"twitter:label1\" content=\"Estimated reading time\" \/>\n\t<meta name=\"twitter:data1\" content=\"1 minute\" \/>\n<script type=\"application\/ld+json\" class=\"yoast-schema-graph\">{\"@context\":\"https:\/\/schema.org\",\"@graph\":[{\"@type\":\"WebPage\",\"@id\":\"https:\/\/ski.worldcupcourchevel.com\/mentions-legales\/\",\"url\":\"https:\/\/ski.worldcupcourchevel.com\/mentions-legales\/\",\"name\":\"Mentions L\u00e9gales - Ski World Cup Courchevel\",\"isPartOf\":{\"@id\":\"https:\/\/ski.worldcupcourchevel.com\/#website\"},\"datePublished\":\"2024-10-24T09:41:19+00:00\",\"dateModified\":\"2024-10-24T09:41:42+00:00\",\"breadcrumb\":{\"@id\":\"https:\/\/ski.worldcupcourchevel.com\/mentions-legales\/#breadcrumb\"},\"inLanguage\":\"en-GB\",\"potentialAction\":[{\"@type\":\"ReadAction\",\"target\":[\"https:\/\/ski.worldcupcourchevel.com\/mentions-legales\/\"]}]},{\"@type\":\"BreadcrumbList\",\"@id\":\"https:\/\/ski.worldcupcourchevel.com\/mentions-legales\/#breadcrumb\",\"itemListElement\":[{\"@type\":\"ListItem\",\"position\":1,\"name\":\"Accueil\",\"item\":\"https:\/\/ski.worldcupcourchevel.com\/\"},{\"@type\":\"ListItem\",\"position\":2,\"name\":\"Mentions L\u00e9gales\"}]},{\"@type\":\"WebSite\",\"@id\":\"https:\/\/ski.worldcupcourchevel.com\/#website\",\"url\":\"https:\/\/ski.worldcupcourchevel.com\/\",\"name\":\"Ski World Cup Courchevel\",\"description\":\"Coupe du monde F\u00e9minine de ski alpin\",\"potentialAction\":[{\"@type\":\"SearchAction\",\"target\":{\"@type\":\"EntryPoint\",\"urlTemplate\":\"https:\/\/ski.worldcupcourchevel.com\/?s={search_term_string}\"},\"query-input\":{\"@type\":\"PropertyValueSpecification\",\"valueRequired\":true,\"valueName\":\"search_term_string\"}}],\"inLanguage\":\"en-GB\"}]}<\/script>\n<!-- \/ Yoast SEO plugin. -->","yoast_head_json":{"title":"Legal Notice - Ski World Cup Courchevel","robots":{"index":"index","follow":"follow","max-snippet":"max-snippet:-1","max-image-preview":"max-image-preview:large","max-video-preview":"max-video-preview:-1"},"canonical":"https:\/\/ski.worldcupcourchevel.com\/en\/legal-information\/","og_locale":"en_GB","og_type":"article","og_title":"Mentions L\u00e9gales - Ski World Cup Courchevel","og_description":"Le site https:\/\/worldcupcourchevel.com est \u00e9dit\u00e9 par\u00a0:CLUB DES SPORTS DE COURCHEVEL, Soci\u00e9t\u00e9 Association d\u00e9clar\u00e9e,Si\u00e8ge social\u00a0: 83 Rue Park City \u2013 Ineos Club House, Courchevel 1850 &#8211; 73120 CourchevelRCS de Chamb\u00e9ry 776 495 657 00012Email\u00a0: contact@sportcourchevel.comPr\u00e9sident\u00a0: C\u00e9dric ColaertH\u00e9bergeur du site\u00a0:\u00a0OVHSAS au capital de 50 000 000 \u20acRCS Lille M\u00e9tropole 424 761 419 00045Code APE 2620ZN\u00b0 TVA : [&hellip;]","og_url":"https:\/\/ski.worldcupcourchevel.com\/en\/legal-information\/","og_site_name":"Ski World Cup Courchevel","article_modified_time":"2024-10-24T09:41:42+00:00","twitter_card":"summary_large_image","twitter_misc":{"Estimated reading time":"1 minute"},"schema":{"@context":"https:\/\/schema.org","@graph":[{"@type":"WebPage","@id":"https:\/\/ski.worldcupcourchevel.com\/mentions-legales\/","url":"https:\/\/ski.worldcupcourchevel.com\/mentions-legales\/","name":"Legal Notice - Ski World Cup Courchevel","isPartOf":{"@id":"https:\/\/ski.worldcupcourchevel.com\/#website"},"datePublished":"2024-10-24T09:41:19+00:00","dateModified":"2024-10-24T09:41:42+00:00","breadcrumb":{"@id":"https:\/\/ski.worldcupcourchevel.com\/mentions-legales\/#breadcrumb"},"inLanguage":"en-GB","potentialAction":[{"@type":"ReadAction","target":["https:\/\/ski.worldcupcourchevel.com\/mentions-legales\/"]}]},{"@type":"BreadcrumbList","@id":"https:\/\/ski.worldcupcourchevel.com\/mentions-legales\/#breadcrumb","itemListElement":[{"@type":"ListItem","position":1,"name":"Accueil","item":"https:\/\/ski.worldcupcourchevel.com\/"},{"@type":"ListItem","position":2,"name":"Mentions L\u00e9gales"}]},{"@type":"WebSite","@id":"https:\/\/ski.worldcupcourchevel.com\/#website","url":"https:\/\/ski.worldcupcourchevel.com\/","name":"Ski World Cup Courchevel","description":"Women's Alpine Skiing World Cup","potentialAction":[{"@type":"SearchAction","target":{"@type":"EntryPoint","urlTemplate":"https:\/\/ski.worldcupcourchevel.com\/?s={search_term_string}"},"query-input":{"@type":"PropertyValueSpecification","valueRequired":true,"valueName":"search_term_string"}}],"inLanguage":"en-GB"}]}},"_links":{"self":[{"href":"https:\/\/ski.worldcupcourchevel.com\/en\/wp-json\/wp\/v2\/pages\/477","targetHints":{"allow":["GET"]}}],"collection":[{"href":"https:\/\/ski.worldcupcourchevel.com\/en\/wp-json\/wp\/v2\/pages"}],"about":[{"href":"https:\/\/ski.worldcupcourchevel.com\/en\/wp-json\/wp\/v2\/types\/page"}],"author":[{"embeddable":true,"href":"https:\/\/ski.worldcupcourchevel.com\/en\/wp-json\/wp\/v2\/users\/1"}],"replies":[{"embeddable":true,"href":"https:\/\/ski.worldcupcourchevel.com\/en\/wp-json\/wp\/v2\/comments?post=477"}],"version-history":[{"count":4,"href":"https:\/\/ski.worldcupcourchevel.com\/en\/wp-json\/wp\/v2\/pages\/477\/revisions"}],"predecessor-version":[{"id":481,"href":"https:\/\/ski.worldcupcourchevel.com\/en\/wp-json\/wp\/v2\/pages\/477\/revisions\/481"}],"wp:attachment":[{"href":"https:\/\/ski.worldcupcourchevel.com\/en\/wp-json\/wp\/v2\/media?parent=477"}],"curies":[{"name":"wp","href":"https:\/\/api.w.org\/{rel}","templated":true}]}}